{"id":14721,"date":"2020-03-03T06:00:54","date_gmt":"2020-03-03T06:00:54","guid":{"rendered":"https:\/\/www.xbrick.eu\/?post_type=product&#038;p=14721"},"modified":"2025-09-25T11:54:24","modified_gmt":"2025-09-25T09:54:24","slug":"set-plyo-box-fitnesstraining-crossfit","status":"publish","type":"product","link":"https:\/\/www.xbrick.eu\/en\/produkt\/set-plyo-box-fitnesstraining-crossfit","title":{"rendered":"<b>Xbrick<\/b><sup>\u00ae<\/sup>-Set: Plyo Box &#038; Fitnesstraining"},"content":{"rendered":"\t\t<div data-elementor-type=\"product-post\" data-elementor-id=\"14721\" class=\"elementor elementor-14721 elementor-14720\" data-elementor-post-type=\"product\">\n\t\t\t\t\t\t<section class=\"elementor-section elementor-top-section elementor-element elementor-element-34fbd99 elementor-section-boxed elementor-section-height-default elementor-section-height-default\" data-id=\"34fbd99\" data-element_type=\"section\" data-e-type=\"section\">\n\t\t\t\t\t\t<div class=\"elementor-container elementor-column-gap-default\">\n\t\t\t\t\t<div class=\"elementor-column elementor-col-100 elementor-top-column elementor-element elementor-element-868c10c\" data-id=\"868c10c\" data-element_type=\"column\" data-e-type=\"column\">\n\t\t\t<div class=\"elementor-widget-wrap elementor-element-populated\">\n\t\t\t\t\t\t<div class=\"elementor-element elementor-element-b168500 elementor-widget elementor-widget-text-editor\" data-id=\"b168500\" data-element_type=\"widget\" data-e-type=\"widget\" data-widget_type=\"text-editor.default\">\n\t\t\t\t\t\t\t\t\t<p><strong><b>The Xbrick<\/b><sup>\u00ae<\/sup>\u2013Set Plyo-Box supports you in your fitness training. Take advantage of the great features of the Xbrick, an incredibly high load capacity of up to 200 kg at a weight of only 1.4 kg. Train from anywhere and easily integrate the Xbrick as a plyo box and training tool for jumps and fitness!<br \/>\n<\/strong><span style=\"color: var( --e-global-color-text ); font-family: var( --e-global-typography-text-font-family ), Sans-serif; font-size: 20px; font-weight: 300;\"><br \/>\n<\/span><span style=\"font-size: 20px; font-style: normal; font-weight: bold; color: var( --e-global-color-text ); font-family: var( --e-global-typography-text-font-family ), Sans-serif;\">The Xbrick<\/span><span style=\"font-style: normal; font-weight: bold; color: var( --e-global-color-text ); font-family: var( --e-global-typography-text-font-family ), Sans-serif; font-size: 15px; line-height: 0; position: relative; top: -0.5em;\">\u00ae<\/span><span style=\"color: var( --e-global-color-text ); font-family: var( --e-global-typography-text-font-family ), Sans-serif; font-size: 20px; font-weight: 300;\"> is perfectly designed for fitness training due to its characteristics. Compared to conventional plyo boxes, the Xbrick is much lighter and can also withstand a higher load. In addition, it can be easily and hygienically cleaned. You can find more features here: <a href=\"https:\/\/www.xbrick.eu\/en\/product-details\" target=\"_blank\" rel=\"noopener\">The Product features of the\u00a0 <\/a><\/span><span style=\"font-size: 20px; font-style: normal; font-weight: bold; color: var( --e-global-color-text ); font-family: var( --e-global-typography-text-font-family ), Sans-serif;\">Xbrick<\/span><span style=\"font-style: normal; font-weight: bold; color: var( --e-global-color-text ); font-family: var( --e-global-typography-text-font-family ), Sans-serif; font-size: 15px; line-height: 0; position: relative; top: -0.5em;\">\u00ae<\/span><\/p>\n<p><span style=\"font-size: 20px; font-style: normal; font-weight: 300; color: var( --e-global-color-text ); font-family: var( --e-global-typography-text-font-family ), Sans-serif;\">The 3 different side lengths of the cuboids and the combination possibilities give you a multifunctional training device. Write to us and find out more about how you can incorporate the Xbrick\u00ae into your training and equip your gym!<\/span><\/p>\n<p><b style=\"color: var( --e-global-color-text ); font-family: var( --e-global-typography-text-font-family ), Sans-serif; font-style: inherit;\">Made in Germany.<\/b><\/p>\n<p><b>The dimensions of the <\/b><span style=\"font-size: 20px; font-style: normal; font-weight: bold; color: var( --e-global-color-text ); font-family: var( --e-global-typography-text-font-family ), Sans-serif;\">Xbrick<\/span><span style=\"font-style: normal; font-weight: bold; color: var( --e-global-color-text ); font-family: var( --e-global-typography-text-font-family ), Sans-serif; font-size: 15px; line-height: 0; position: relative; top: -0.5em;\">\u00ae<\/span><b style=\"font-style: inherit; color: var( --e-global-color-text ); font-family: var( --e-global-typography-text-font-family ), Sans-serif;\"><br \/>\nSize: <\/b><span style=\"font-size: 20px; color: var( --e-global-color-text ); font-family: var( --e-global-typography-text-font-family ), Sans-serif;\">50 x 33,3 x 25 cm<br \/>\n<\/span><b style=\"font-style: inherit; color: var( --e-global-color-text ); font-family: var( --e-global-typography-text-font-family ), Sans-serif;\">Weight:<\/b><span style=\"font-size: 20px; color: var( --e-global-color-text ); font-family: var( --e-global-typography-text-font-family ), Sans-serif;\"> only 1,4 kg<br \/>\n<\/span><strong style=\"font-size: 20px; color: var( --e-global-color-text ); font-family: var( --e-global-typography-text-font-family ), Sans-serif;\">Material:<\/strong><span style=\"font-size: 20px; color: var( --e-global-color-text ); font-family: var( --e-global-typography-text-font-family ), Sans-serif;\">\u00a0 100% recyclable<br \/>\n<\/span><strong style=\"font-size: 20px; color: var( --e-global-color-text ); font-family: var( --e-global-typography-text-font-family ), Sans-serif;\">Load capacity:<\/strong><span style=\"font-size: 20px; font-weight: 300; color: var( --e-global-color-text ); font-family: var( --e-global-typography-text-font-family ), Sans-serif;\"> 200kg<\/span><\/p>\n<p>\u2713 GS-tested<br \/>\n\u2713 suitable for outdoor use<br \/>\n\u2713 easy to clean<br \/>\n\u2713 non-slip<br \/>\n\u2713 recyclable<br \/>\n\u2713 free of harmful substances<\/p>\n<p>Here directly from the manufacturer + developer <a href=\"https:\/\/www.wd3.design\/\" target=\"_blank\" rel=\"noopener\">wd3 Gmb<\/a><\/p>\n\t\t\t\t\t\t\t\t<\/div>\n\t\t\t\t\t<\/div>\n\t\t<\/div>\n\t\t\t\t\t<\/div>\n\t\t<\/section>\n\t\t\t\t<section class=\"elementor-section elementor-top-section elementor-element elementor-element-c6ff273 elementor-section-boxed elementor-section-height-default elementor-section-height-default\" data-id=\"c6ff273\" data-element_type=\"section\" data-e-type=\"section\">\n\t\t\t\t\t\t<div class=\"elementor-container elementor-column-gap-default\">\n\t\t\t\t\t<div class=\"elementor-column elementor-col-50 elementor-top-column elementor-element elementor-element-752fb1d\" data-id=\"752fb1d\" data-element_type=\"column\" data-e-type=\"column\">\n\t\t\t<div class=\"elementor-widget-wrap elementor-element-populated\">\n\t\t\t\t\t\t<div class=\"elementor-element elementor-element-9065df2 elementor-widget elementor-widget-image\" data-id=\"9065df2\" data-element_type=\"widget\" data-e-type=\"widget\" data-widget_type=\"image.default\">\n\t\t\t\t\t\t\t\t\t\t\t\t<figure class=\"wp-caption\">\n\t\t\t\t\t\t\t\t\t\t<img fetchpriority=\"high\" decoding=\"async\" width=\"800\" height=\"400\" src=\"https:\/\/i0.wp.com\/www.xbrick.eu\/wp-content\/uploads\/2021\/04\/xbrick-workout-slider1.jpg?fit=800%2C400&amp;ssl=1\" class=\"attachment-large size-large wp-image-6820\" alt=\"\" srcset=\"https:\/\/i0.wp.com\/www.xbrick.eu\/wp-content\/uploads\/2021\/04\/xbrick-workout-slider1.jpg?w=1200&amp;ssl=1 1200w, https:\/\/i0.wp.com\/www.xbrick.eu\/wp-content\/uploads\/2021\/04\/xbrick-workout-slider1.jpg?resize=300%2C150&amp;ssl=1 300w, https:\/\/i0.wp.com\/www.xbrick.eu\/wp-content\/uploads\/2021\/04\/xbrick-workout-slider1.jpg?resize=1024%2C512&amp;ssl=1 1024w, https:\/\/i0.wp.com\/www.xbrick.eu\/wp-content\/uploads\/2021\/04\/xbrick-workout-slider1.jpg?resize=768%2C384&amp;ssl=1 768w, https:\/\/i0.wp.com\/www.xbrick.eu\/wp-content\/uploads\/2021\/04\/xbrick-workout-slider1.jpg?resize=600%2C300&amp;ssl=1 600w\" sizes=\"(max-width: 800px) 100vw, 800px\" \/>\t\t\t\t\t\t\t\t\t\t\t<figcaption class=\"widget-image-caption wp-caption-text\"><\/figcaption>\n\t\t\t\t\t\t\t\t\t\t<\/figure>\n\t\t\t\t\t\t\t\t\t<\/div>\n\t\t\t\t\t<\/div>\n\t\t<\/div>\n\t\t\t\t<div class=\"elementor-column elementor-col-50 elementor-top-column elementor-element elementor-element-7692218\" data-id=\"7692218\" data-element_type=\"column\" data-e-type=\"column\">\n\t\t\t<div class=\"elementor-widget-wrap elementor-element-populated\">\n\t\t\t\t\t\t<div class=\"elementor-element elementor-element-40c6aee elementor-widget elementor-widget-image\" data-id=\"40c6aee\" data-element_type=\"widget\" data-e-type=\"widget\" data-widget_type=\"image.default\">\n\t\t\t\t\t\t\t\t\t\t\t\t<figure class=\"wp-caption\">\n\t\t\t\t\t\t\t\t\t\t<img decoding=\"async\" width=\"800\" height=\"400\" src=\"https:\/\/i0.wp.com\/www.xbrick.eu\/wp-content\/uploads\/2021\/04\/xbrick-workout-slider3.jpg?fit=800%2C400&amp;ssl=1\" class=\"attachment-large size-large wp-image-6824\" alt=\"Das Multifunktionsm\u00f6bel f\u00fcr dein Workout mit Fitnessb\u00e4ndern\" srcset=\"https:\/\/i0.wp.com\/www.xbrick.eu\/wp-content\/uploads\/2021\/04\/xbrick-workout-slider3.jpg?w=1200&amp;ssl=1 1200w, https:\/\/i0.wp.com\/www.xbrick.eu\/wp-content\/uploads\/2021\/04\/xbrick-workout-slider3.jpg?resize=300%2C150&amp;ssl=1 300w, https:\/\/i0.wp.com\/www.xbrick.eu\/wp-content\/uploads\/2021\/04\/xbrick-workout-slider3.jpg?resize=1024%2C512&amp;ssl=1 1024w, https:\/\/i0.wp.com\/www.xbrick.eu\/wp-content\/uploads\/2021\/04\/xbrick-workout-slider3.jpg?resize=768%2C384&amp;ssl=1 768w, https:\/\/i0.wp.com\/www.xbrick.eu\/wp-content\/uploads\/2021\/04\/xbrick-workout-slider3.jpg?resize=600%2C300&amp;ssl=1 600w\" sizes=\"(max-width: 800px) 100vw, 800px\" \/>\t\t\t\t\t\t\t\t\t\t\t<figcaption class=\"widget-image-caption wp-caption-text\">Fitness training with the Xbrick - rowing with training band<\/figcaption>\n\t\t\t\t\t\t\t\t\t\t<\/figure>\n\t\t\t\t\t\t\t\t\t<\/div>\n\t\t\t\t\t<\/div>\n\t\t<\/div>\n\t\t\t\t\t<\/div>\n\t\t<\/section>\n\t\t\t\t<\/div>\n\t\t","protected":false},"excerpt":{"rendered":"<p><img decoding=\"async\" class=\"alignnone wp-image-3840\" src=\"https:\/\/www.xbrick.eu\/wp-content\/uploads\/2020\/11\/Xbrick_logos_mig-300x300.jpg\" alt=\"\" width=\"70\" height=\"70\" srcset=\"https:\/\/i0.wp.com\/www.xbrick.eu\/wp-content\/uploads\/2020\/11\/Xbrick_logos_mig.jpg?resize=300%2C300&amp;ssl=1 300w, https:\/\/i0.wp.com\/www.xbrick.eu\/wp-content\/uploads\/2020\/11\/Xbrick_logos_mig.jpg?resize=150%2C150&amp;ssl=1 150w, https:\/\/i0.wp.com\/www.xbrick.eu\/wp-content\/uploads\/2020\/11\/Xbrick_logos_mig.jpg?resize=768%2C768&amp;ssl=1 768w, https:\/\/i0.wp.com\/www.xbrick.eu\/wp-content\/uploads\/2020\/11\/Xbrick_logos_mig.jpg?resize=600%2C600&amp;ssl=1 600w, https:\/\/i0.wp.com\/www.xbrick.eu\/wp-content\/uploads\/2020\/11\/Xbrick_logos_mig.jpg?resize=100%2C100&amp;ssl=1 100w, https:\/\/i0.wp.com\/www.xbrick.eu\/wp-content\/uploads\/2020\/11\/Xbrick_logos_mig.jpg?w=900&amp;ssl=1 900w\" sizes=\"(max-width: 70px) 100vw, 70px\" \/><img loading=\"lazy\" decoding=\"async\" class=\"alignnone wp-image-7575\" src=\"https:\/\/www.xbrick.eu\/wp-content\/uploads\/2021\/02\/Xbrick_logos_DEpatent-300x300.jpg\" alt=\"\" width=\"70\" height=\"70\" srcset=\"https:\/\/i0.wp.com\/www.xbrick.eu\/wp-content\/uploads\/2021\/02\/Xbrick_logos_DEpatent.jpg?resize=300%2C300&amp;ssl=1 300w, https:\/\/i0.wp.com\/www.xbrick.eu\/wp-content\/uploads\/2021\/02\/Xbrick_logos_DEpatent.jpg?resize=150%2C150&amp;ssl=1 150w, https:\/\/i0.wp.com\/www.xbrick.eu\/wp-content\/uploads\/2021\/02\/Xbrick_logos_DEpatent.jpg?resize=768%2C768&amp;ssl=1 768w, https:\/\/i0.wp.com\/www.xbrick.eu\/wp-content\/uploads\/2021\/02\/Xbrick_logos_DEpatent.jpg?resize=600%2C600&amp;ssl=1 600w, https:\/\/i0.wp.com\/www.xbrick.eu\/wp-content\/uploads\/2021\/02\/Xbrick_logos_DEpatent.jpg?resize=100%2C100&amp;ssl=1 100w, https:\/\/i0.wp.com\/www.xbrick.eu\/wp-content\/uploads\/2021\/02\/Xbrick_logos_DEpatent.jpg?w=900&amp;ssl=1 900w\" sizes=\"(max-width: 70px) 100vw, 70px\" \/><img loading=\"lazy\" decoding=\"async\" class=\"alignnone wp-image-3836\" src=\"https:\/\/www.xbrick.eu\/wp-content\/uploads\/2020\/11\/Xbrick_logos_focusopen-300x300.jpg\" alt=\"\" width=\"70\" height=\"70\" srcset=\"https:\/\/i0.wp.com\/www.xbrick.eu\/wp-content\/uploads\/2020\/11\/Xbrick_logos_focusopen.jpg?resize=300%2C300&amp;ssl=1 300w, https:\/\/i0.wp.com\/www.xbrick.eu\/wp-content\/uploads\/2020\/11\/Xbrick_logos_focusopen.jpg?resize=150%2C150&amp;ssl=1 150w, https:\/\/i0.wp.com\/www.xbrick.eu\/wp-content\/uploads\/2020\/11\/Xbrick_logos_focusopen.jpg?resize=768%2C768&amp;ssl=1 768w, https:\/\/i0.wp.com\/www.xbrick.eu\/wp-content\/uploads\/2020\/11\/Xbrick_logos_focusopen.jpg?resize=600%2C600&amp;ssl=1 600w, https:\/\/i0.wp.com\/www.xbrick.eu\/wp-content\/uploads\/2020\/11\/Xbrick_logos_focusopen.jpg?resize=100%2C100&amp;ssl=1 100w, https:\/\/i0.wp.com\/www.xbrick.eu\/wp-content\/uploads\/2020\/11\/Xbrick_logos_focusopen.jpg?w=900&amp;ssl=1 900w\" sizes=\"(max-width: 70px) 100vw, 70px\" \/><img loading=\"lazy\" decoding=\"async\" class=\"alignnone wp-image-3838\" src=\"https:\/\/www.xbrick.eu\/wp-content\/uploads\/2020\/11\/Xbrick_logos_gs-300x300.jpg\" alt=\"\" width=\"70\" height=\"70\" srcset=\"https:\/\/i0.wp.com\/www.xbrick.eu\/wp-content\/uploads\/2020\/11\/Xbrick_logos_gs.jpg?resize=300%2C300&amp;ssl=1 300w, https:\/\/i0.wp.com\/www.xbrick.eu\/wp-content\/uploads\/2020\/11\/Xbrick_logos_gs.jpg?resize=150%2C150&amp;ssl=1 150w, https:\/\/i0.wp.com\/www.xbrick.eu\/wp-content\/uploads\/2020\/11\/Xbrick_logos_gs.jpg?resize=768%2C768&amp;ssl=1 768w, https:\/\/i0.wp.com\/www.xbrick.eu\/wp-content\/uploads\/2020\/11\/Xbrick_logos_gs.jpg?resize=600%2C600&amp;ssl=1 600w, https:\/\/i0.wp.com\/www.xbrick.eu\/wp-content\/uploads\/2020\/11\/Xbrick_logos_gs.jpg?resize=100%2C100&amp;ssl=1 100w, https:\/\/i0.wp.com\/www.xbrick.eu\/wp-content\/uploads\/2020\/11\/Xbrick_logos_gs.jpg?w=900&amp;ssl=1 900w\" sizes=\"(max-width: 70px) 100vw, 70px\" \/><img loading=\"lazy\" decoding=\"async\" class=\"alignnone wp-image-3842\" src=\"https:\/\/www.xbrick.eu\/wp-content\/uploads\/2020\/11\/Xbrick_logos_rems-300x300.jpg\" alt=\"\" width=\"70\" height=\"70\" srcset=\"https:\/\/i0.wp.com\/www.xbrick.eu\/wp-content\/uploads\/2020\/11\/Xbrick_logos_rems.jpg?resize=300%2C300&amp;ssl=1 300w, https:\/\/i0.wp.com\/www.xbrick.eu\/wp-content\/uploads\/2020\/11\/Xbrick_logos_rems.jpg?resize=150%2C150&amp;ssl=1 150w, https:\/\/i0.wp.com\/www.xbrick.eu\/wp-content\/uploads\/2020\/11\/Xbrick_logos_rems.jpg?resize=768%2C768&amp;ssl=1 768w, https:\/\/i0.wp.com\/www.xbrick.eu\/wp-content\/uploads\/2020\/11\/Xbrick_logos_rems.jpg?resize=600%2C600&amp;ssl=1 600w, https:\/\/i0.wp.com\/www.xbrick.eu\/wp-content\/uploads\/2020\/11\/Xbrick_logos_rems.jpg?resize=100%2C100&amp;ssl=1 100w, https:\/\/i0.wp.com\/www.xbrick.eu\/wp-content\/uploads\/2020\/11\/Xbrick_logos_rems.jpg?w=900&amp;ssl=1 900w\" sizes=\"(max-width: 70px) 100vw, 70px\" \/><img loading=\"lazy\" decoding=\"async\" class=\"alignnone wp-image-14865\" src=\"https:\/\/www.xbrick.eu\/wp-content\/uploads\/2021\/11\/Logo_besonders_bewegend-300x205.jpg\" alt=\"Logo_besonders_bewegend\" width=\"70\" height=\"48\" srcset=\"https:\/\/i0.wp.com\/www.xbrick.eu\/wp-content\/uploads\/2021\/11\/Logo_besonders_bewegend.jpg?resize=300%2C205&amp;ssl=1 300w, https:\/\/i0.wp.com\/www.xbrick.eu\/wp-content\/uploads\/2021\/11\/Logo_besonders_bewegend.jpg?w=400&amp;ssl=1 400w\" sizes=\"(max-width: 70px) 100vw, 70px\" \/><\/p>\n<p>Our <strong>Xbrick\u00ae<\/strong> multifunctional furniture for your fitness training! The light and resilient tool for your training: Use the <strong>Xbrick\u00ae<\/strong> as a Plyo Box for your training, in Crossfit for numerous exercises and build steps for your jump training with our set. We show you how to use the <strong>Xbrick\u00ae<\/strong> and the Plyo Box Set correctly and specifically in your training!<\/p>\n<p>Unser <strong><b>Xbrick<\/b><sup>\u00ae-<\/sup><\/strong>Set Our Xbrick\u00ae Set Plyo Box and Fitness Training includes:<\/p>\n<ul>\n<li>4 x Xbrick black<\/li>\n<li>1 x X-belt (Belt with buckle, 5 m, black)<\/li>\n<li>4 x X-conn (Connectors made of beech wood)<\/li>\n<\/ul>\n<p>You can find all information about the product here: <a href=\"https:\/\/www.xbrick.eu\/wp-content\/uploads\/2021\/08\/Xbrick-Bedienungsanleitung-08-21.pdf\" target=\"_blank\" rel=\"noopener\"><strong>Productinformationen Xbrick<\/strong><\/a><\/p>\n<p><b>1 <strong>Xbrick<sup>\u00ae <\/sup><\/strong> has the following dimensions:<br \/>\nSize: <\/b>50 x 33,3 x 25 cm<br \/>\n<b>Weight:<\/b> only 1,4 kg<br \/>\n<strong>Material:<\/strong> Pollutant-free, pure EEP, 100% recyclable<br \/>\n<strong>Load capacity:<\/strong> 200kg<\/p>\n<p>\u2713GS-tested \u2713suitable for outdoor use \u2713easy to clean \u2713slip-resistant \u2713recyclable \u2713free of pollutants<\/p>\n","protected":false},"featured_media":18825,"comment_status":"open","ping_status":"closed","template":"","meta":{"_acf_changed":false},"product_brand":[],"product_cat":[281],"product_tag":[113,117,112,118,120,127,130,126,119,128,111,129,109],"class_list":{"0":"post-14721","1":"product","2":"type-product","3":"status-publish","4":"has-post-thumbnail","6":"product_cat-xbrick-sets-en","7":"product_tag-box-multifunctional","8":"product_tag-brick-en","9":"product_tag-cube","10":"product_tag-light-stool","11":"product_tag-mobile-seat","12":"product_tag-multifunctional-stool","13":"product_tag-office-stool","14":"product_tag-seat-cube","15":"product_tag-seating","16":"product_tag-stool-en","17":"product_tag-stool","18":"product_tag-work-stool","19":"product_tag-xbrick-en","20":"product_shipping_class-themen-sets-eng","22":"first","23":"instock","24":"taxable","25":"shipping-taxable","26":"purchasable","27":"product-type-simple"},"acf":[],"_links":{"self":[{"href":"https:\/\/www.xbrick.eu\/en\/wp-json\/wp\/v2\/product\/14721","targetHints":{"allow":["GET"]}}],"collection":[{"href":"https:\/\/www.xbrick.eu\/en\/wp-json\/wp\/v2\/product"}],"about":[{"href":"https:\/\/www.xbrick.eu\/en\/wp-json\/wp\/v2\/types\/product"}],"replies":[{"embeddable":true,"href":"https:\/\/www.xbrick.eu\/en\/wp-json\/wp\/v2\/comments?post=14721"}],"version-history":[{"count":2,"href":"https:\/\/www.xbrick.eu\/en\/wp-json\/wp\/v2\/product\/14721\/revisions"}],"predecessor-version":[{"id":32668,"href":"https:\/\/www.xbrick.eu\/en\/wp-json\/wp\/v2\/product\/14721\/revisions\/32668"}],"wp:featuredmedia":[{"embeddable":true,"href":"https:\/\/www.xbrick.eu\/en\/wp-json\/wp\/v2\/media\/18825"}],"wp:attachment":[{"href":"https:\/\/www.xbrick.eu\/en\/wp-json\/wp\/v2\/media?parent=14721"}],"wp:term":[{"taxonomy":"product_brand","embeddable":true,"href":"https:\/\/www.xbrick.eu\/en\/wp-json\/wp\/v2\/product_brand?post=14721"},{"taxonomy":"product_cat","embeddable":true,"href":"https:\/\/www.xbrick.eu\/en\/wp-json\/wp\/v2\/product_cat?post=14721"},{"taxonomy":"product_tag","embeddable":true,"href":"https:\/\/www.xbrick.eu\/en\/wp-json\/wp\/v2\/product_tag?post=14721"}],"curies":[{"name":"wp","href":"https:\/\/api.w.org\/{rel}","templated":true}]}}