{"id":14692,"date":"2020-03-06T05:03:07","date_gmt":"2020-03-06T05:03:07","guid":{"rendered":"https:\/\/www.xbrick.eu\/?post_type=product&#038;p=14692"},"modified":"2025-09-25T11:51:22","modified_gmt":"2025-09-25T09:51:22","slug":"set-childrens-stool-school-furniture","status":"publish","type":"product","link":"https:\/\/www.xbrick.eu\/en\/produkt\/set-childrens-stool-school-furniture","title":{"rendered":"<b>Xbrick<\/b><sup>\u00ae<\/sup>-Set: Children&#8217;s stool"},"content":{"rendered":"\t\t<div data-elementor-type=\"product-post\" data-elementor-id=\"14692\" class=\"elementor elementor-14692 elementor-14691\" data-elementor-post-type=\"product\">\n\t\t\t\t\t\t<section class=\"elementor-section elementor-top-section elementor-element elementor-element-34fbd99 elementor-section-boxed elementor-section-height-default elementor-section-height-default\" data-id=\"34fbd99\" data-element_type=\"section\" data-e-type=\"section\">\n\t\t\t\t\t\t<div class=\"elementor-container elementor-column-gap-default\">\n\t\t\t\t\t<div class=\"elementor-column elementor-col-100 elementor-top-column elementor-element elementor-element-868c10c\" data-id=\"868c10c\" data-element_type=\"column\" data-e-type=\"column\">\n\t\t\t<div class=\"elementor-widget-wrap elementor-element-populated\">\n\t\t\t\t\t\t<div class=\"elementor-element elementor-element-b168500 elementor-widget elementor-widget-text-editor\" data-id=\"b168500\" data-element_type=\"widget\" data-e-type=\"widget\" data-widget_type=\"text-editor.default\">\n\t\t\t\t\t\t\t\t\t<p><strong><b>The Xbrick<\/b><sup>\u00ae<\/sup>\u2013Set for kids &#8211; discover the versatile multifunctional tool by Xbrick for your kindergarten, school or home.<br \/>\n<\/strong><span style=\"color: var( --e-global-color-text ); font-family: var( --e-global-typography-text-font-family ), Sans-serif; font-size: 20px; font-weight: 300;\"><br \/>\n<\/span><span style=\"font-size: 20px; font-style: normal; font-weight: bold; color: var( --e-global-color-text ); font-family: var( --e-global-typography-text-font-family ), Sans-serif;\">The Xbrick<\/span><span style=\"font-style: normal; font-weight: bold; color: var( --e-global-color-text ); font-family: var( --e-global-typography-text-font-family ), Sans-serif; font-size: 15px; line-height: 0; position: relative; top: -0.5em;\">\u00ae<\/span><span style=\"color: var( --e-global-color-text ); font-family: var( --e-global-typography-text-font-family ), Sans-serif; font-size: 20px; font-weight: 300;\"> is ideal for children and students precisely because of its nature. Learn more about the properties here: <a href=\"https:\/\/www.xbrick.eu\/en\/product-details\" target=\"_blank\" rel=\"noopener\">The Productdetails of the <\/a><\/span><span style=\"font-size: 20px; font-style: normal; font-weight: bold; color: var( --e-global-color-text ); font-family: var( --e-global-typography-text-font-family ), Sans-serif;\">Xbrick<\/span><span style=\"font-style: normal; font-weight: bold; color: var( --e-global-color-text ); font-family: var( --e-global-typography-text-font-family ), Sans-serif; font-size: 15px; line-height: 0; position: relative; top: -0.5em;\">\u00ae<\/span><\/p>\n<p>You&#8217;ve done enough sitting today? Then do something else with it!\u00a0\u00a0<span style=\"font-size: 20px; font-weight: 300; color: var( --e-global-color-text ); font-family: var( --e-global-typography-text-font-family ), Sans-serif;\">The versatile multi-functional furniture can be stacked in many different ways and plugged together with the X-conn connector.\u00a0<\/span><span style=\"font-size: 20px; font-weight: 300; color: var( --e-global-color-text ); font-family: var( --e-global-typography-text-font-family ), Sans-serif;\">Use it as a step, a stage, for making music, for gymnastics, for building, for playing, as a bench and much more. Discover unimagined possibilities with the multifunctional furniture from \u00a0<\/span><span style=\"font-size: 20px; font-style: normal; font-weight: bold; color: var( --e-global-color-text ); font-family: var( --e-global-typography-text-font-family ), Sans-serif;\">Xbrick<\/span><span style=\"font-style: normal; font-weight: bold; color: var( --e-global-color-text ); font-family: var( --e-global-typography-text-font-family ), Sans-serif; font-size: 15px; line-height: 0; position: relative; top: -0.5em;\">\u00ae<\/span><span style=\"font-size: 20px; font-style: normal; font-weight: 300; color: var( --e-global-color-text ); font-family: var( --e-global-typography-text-font-family ), Sans-serif;\">.<\/span><\/p>\n<p><b style=\"color: var( --e-global-color-text ); font-family: var( --e-global-typography-text-font-family ), Sans-serif; font-style: inherit;\">Made in Germany.<\/b><\/p>\n<p><b>The dimensions of the <\/b><span style=\"font-size: 20px; font-style: normal; font-weight: bold; color: var( --e-global-color-text ); font-family: var( --e-global-typography-text-font-family ), Sans-serif;\">Xbrick<\/span><span style=\"font-style: normal; font-weight: bold; color: var( --e-global-color-text ); font-family: var( --e-global-typography-text-font-family ), Sans-serif; font-size: 15px; line-height: 0; position: relative; top: -0.5em;\">\u00ae<\/span><b style=\"font-style: inherit; color: var( --e-global-color-text ); font-family: var( --e-global-typography-text-font-family ), Sans-serif;\"><br \/>\nSize: <\/b><span style=\"font-size: 20px; color: var( --e-global-color-text ); font-family: var( --e-global-typography-text-font-family ), Sans-serif;\">50 x 33,3 x 25 cm<br \/>\n<\/span><b style=\"font-style: inherit; color: var( --e-global-color-text ); font-family: var( --e-global-typography-text-font-family ), Sans-serif;\">Weight:<\/b><span style=\"font-size: 20px; color: var( --e-global-color-text ); font-family: var( --e-global-typography-text-font-family ), Sans-serif;\"> only 1,4 kg<br \/>\n<\/span><strong style=\"font-size: 20px; color: var( --e-global-color-text ); font-family: var( --e-global-typography-text-font-family ), Sans-serif;\">Material:<\/strong><span style=\"font-size: 20px; color: var( --e-global-color-text ); font-family: var( --e-global-typography-text-font-family ), Sans-serif;\">\u00a0 100% recyclable<br \/>\n<\/span><strong style=\"font-size: 20px; color: var( --e-global-color-text ); font-family: var( --e-global-typography-text-font-family ), Sans-serif;\">Load Capacity:<\/strong><span style=\"font-size: 20px; font-weight: 300; color: var( --e-global-color-text ); font-family: var( --e-global-typography-text-font-family ), Sans-serif;\"> 200kg<\/span><\/p>\n<p>\u2713 GS-tested<br \/>\n\u2713 suitable for outdoor use<br \/>\n\u2713 easy to clean<br \/>\n\u2713 non-slip<br \/>\n\u2713 recyclable<br \/>\n\u2713 free of harmful substances<\/p>\n<p>Here directly from the manufacturer + developer <a href=\"https:\/\/www.wd3.design\/\" target=\"_blank\" rel=\"noopener\">wd3 GmbH<\/a><\/p>\n\t\t\t\t\t\t\t\t<\/div>\n\t\t\t\t\t<\/div>\n\t\t<\/div>\n\t\t\t\t\t<\/div>\n\t\t<\/section>\n\t\t\t\t<section class=\"elementor-section elementor-top-section elementor-element elementor-element-c6ff273 elementor-section-boxed elementor-section-height-default elementor-section-height-default\" data-id=\"c6ff273\" data-element_type=\"section\" data-e-type=\"section\">\n\t\t\t\t\t\t<div class=\"elementor-container elementor-column-gap-default\">\n\t\t\t\t\t<div class=\"elementor-column elementor-col-50 elementor-top-column elementor-element elementor-element-752fb1d\" data-id=\"752fb1d\" data-element_type=\"column\" data-e-type=\"column\">\n\t\t\t<div class=\"elementor-widget-wrap elementor-element-populated\">\n\t\t\t\t\t\t<div class=\"elementor-element elementor-element-9065df2 elementor-widget elementor-widget-image\" data-id=\"9065df2\" data-element_type=\"widget\" data-e-type=\"widget\" data-widget_type=\"image.default\">\n\t\t\t\t\t\t\t\t\t\t\t\t<figure class=\"wp-caption\">\n\t\t\t\t\t\t\t\t\t\t<img fetchpriority=\"high\" decoding=\"async\" width=\"750\" height=\"824\" src=\"https:\/\/i0.wp.com\/www.xbrick.eu\/wp-content\/uploads\/2021\/11\/Kindermoebel-im-Set-fuer-Schule-und-Kita.jpg?fit=750%2C824&amp;ssl=1\" class=\"attachment-large size-large wp-image-14713\" alt=\"Kinderm\u00f6bel im Set f\u00fcr Schule und Kita\" srcset=\"https:\/\/i0.wp.com\/www.xbrick.eu\/wp-content\/uploads\/2021\/11\/Kindermoebel-im-Set-fuer-Schule-und-Kita.jpg?w=750&amp;ssl=1 750w, https:\/\/i0.wp.com\/www.xbrick.eu\/wp-content\/uploads\/2021\/11\/Kindermoebel-im-Set-fuer-Schule-und-Kita.jpg?resize=273%2C300&amp;ssl=1 273w, https:\/\/i0.wp.com\/www.xbrick.eu\/wp-content\/uploads\/2021\/11\/Kindermoebel-im-Set-fuer-Schule-und-Kita.jpg?resize=600%2C659&amp;ssl=1 600w\" sizes=\"(max-width: 750px) 100vw, 750px\" \/>\t\t\t\t\t\t\t\t\t\t\t<figcaption class=\"widget-image-caption wp-caption-text\">Das Multitool f\u00fcr Kinder &amp; Sch\u00fcler - entdecke unendlich viele M\u00f6glichkeiten mit dem Xbrick Multifunktionstool<\/figcaption>\n\t\t\t\t\t\t\t\t\t\t<\/figure>\n\t\t\t\t\t\t\t\t\t<\/div>\n\t\t\t\t\t<\/div>\n\t\t<\/div>\n\t\t\t\t<div class=\"elementor-column elementor-col-50 elementor-top-column elementor-element elementor-element-7692218\" data-id=\"7692218\" data-element_type=\"column\" data-e-type=\"column\">\n\t\t\t<div class=\"elementor-widget-wrap elementor-element-populated\">\n\t\t\t\t\t\t<div class=\"elementor-element elementor-element-40c6aee elementor-widget elementor-widget-image\" data-id=\"40c6aee\" data-element_type=\"widget\" data-e-type=\"widget\" data-widget_type=\"image.default\">\n\t\t\t\t\t\t\t\t\t\t\t\t\t\t\t<img decoding=\"async\" width=\"665\" height=\"800\" src=\"https:\/\/i0.wp.com\/www.xbrick.eu\/wp-content\/uploads\/2021\/11\/Xbrick-Multifunktionsmoebel-im-Set-fuer-Kinder.jpg?fit=665%2C800&amp;ssl=1\" class=\"attachment-large size-large wp-image-14715\" alt=\"Xbrick Multifunktionsm\u00f6bel im Set f\u00fcr Kinder\" srcset=\"https:\/\/i0.wp.com\/www.xbrick.eu\/wp-content\/uploads\/2021\/11\/Xbrick-Multifunktionsmoebel-im-Set-fuer-Kinder.jpg?w=665&amp;ssl=1 665w, https:\/\/i0.wp.com\/www.xbrick.eu\/wp-content\/uploads\/2021\/11\/Xbrick-Multifunktionsmoebel-im-Set-fuer-Kinder.jpg?resize=249%2C300&amp;ssl=1 249w, https:\/\/i0.wp.com\/www.xbrick.eu\/wp-content\/uploads\/2021\/11\/Xbrick-Multifunktionsmoebel-im-Set-fuer-Kinder.jpg?resize=600%2C722&amp;ssl=1 600w\" sizes=\"(max-width: 665px) 100vw, 665px\" \/>\t\t\t\t\t\t\t\t\t\t\t\t\t\t\t<\/div>\n\t\t\t\t\t<\/div>\n\t\t<\/div>\n\t\t\t\t\t<\/div>\n\t\t<\/section>\n\t\t\t\t<\/div>\n\t\t","protected":false},"excerpt":{"rendered":"<p>Our Xbrick<sup>\u00ae <\/sup>multifunctional furniture in a practical set as children&#8217;s stool &amp; school furniture. With 4 Xbrick multifunctional pieces of furniture, you can create a small seating area for 2 children with a table in the middle &#8211; indoors or outdoors. With the 3 colours, everyone will find their favourite stool. The practical multifunctional furniture in its bright colours, see for yourself!<\/p>\n<p>Our Xbrick<sup>\u00ae<\/sup><strong><sup>&#8211;<\/sup><\/strong>Set Children&#8217;s Stool &amp; Children&#8217;s Furniture includes:<\/p>\n<ul>\n<li>1 x <a href=\"https:\/\/www.xbrick.eu\/en\/produkt\/xbrick-colour-black\">Xbrick black<\/a><\/li>\n<li>1 x <a href=\"https:\/\/www.xbrick.eu\/en\/produkt\/xbrick-orange\">Xbrick orange<\/a><\/li>\n<li>1 x <a href=\"https:\/\/www.xbrick.eu\/en\/produkt\/ocean-en\">Xbrick ocean<\/a><\/li>\n<li>1 x <a href=\"https:\/\/www.xbrick.eu\/en\/produkt\/xbrick-2\">Xbrick lightgrey<\/a><\/li>\n<li>2 x <a href=\"https:\/\/www.xbrick.eu\/en\/produkt\/x-connector\">X-conn<\/a> (Connectors made of beech wood)<\/li>\n<\/ul>\n<p><b>1 <strong>Xbrick<sup>\u00ae <\/sup><\/strong> has the following dimensions:<br \/>\nSize: <\/b>50 x 33,3 x 25 cm<br \/>\n<b>Weight:<\/b> only 1,4 kg<br \/>\n<strong>Material:<\/strong> Pollutant-free, pure EPP, 100% recyclable<br \/>\n<strong>Load capacity:<\/strong> 200kg<\/p>\n<p><b>Xbrick Ocean<\/b>: with 15% recyclate from marine plastic waste<\/p>\n<p>\u2713GS-gepru\u0308ft \u2713GS-tested \u2713suitable for outdoor use \u2713easy to clean \u2713slip-resistant \u2713recyclable \u2713free of pollutants<\/p>\n","protected":false},"featured_media":18827,"comment_status":"open","ping_status":"closed","template":"","meta":{"_acf_changed":false},"product_brand":[],"product_cat":[281],"product_tag":[113,117,112,118,120,127,130,126,119,111,128,129,109],"class_list":{"0":"post-14692","1":"product","2":"type-product","3":"status-publish","4":"has-post-thumbnail","6":"product_cat-xbrick-sets-en","7":"product_tag-box-multifunctional","8":"product_tag-brick-en","9":"product_tag-cube","10":"product_tag-light-stool","11":"product_tag-mobile-seat","12":"product_tag-multifunctional-stool","13":"product_tag-office-stool","14":"product_tag-seat-cube","15":"product_tag-seating","16":"product_tag-stool","17":"product_tag-stool-en","18":"product_tag-work-stool","19":"product_tag-xbrick-en","20":"product_shipping_class-themen-sets-eng","22":"first","23":"instock","24":"taxable","25":"shipping-taxable","26":"purchasable","27":"product-type-simple"},"acf":[],"_links":{"self":[{"href":"https:\/\/www.xbrick.eu\/en\/wp-json\/wp\/v2\/product\/14692","targetHints":{"allow":["GET"]}}],"collection":[{"href":"https:\/\/www.xbrick.eu\/en\/wp-json\/wp\/v2\/product"}],"about":[{"href":"https:\/\/www.xbrick.eu\/en\/wp-json\/wp\/v2\/types\/product"}],"replies":[{"embeddable":true,"href":"https:\/\/www.xbrick.eu\/en\/wp-json\/wp\/v2\/comments?post=14692"}],"version-history":[{"count":2,"href":"https:\/\/www.xbrick.eu\/en\/wp-json\/wp\/v2\/product\/14692\/revisions"}],"predecessor-version":[{"id":32663,"href":"https:\/\/www.xbrick.eu\/en\/wp-json\/wp\/v2\/product\/14692\/revisions\/32663"}],"wp:featuredmedia":[{"embeddable":true,"href":"https:\/\/www.xbrick.eu\/en\/wp-json\/wp\/v2\/media\/18827"}],"wp:attachment":[{"href":"https:\/\/www.xbrick.eu\/en\/wp-json\/wp\/v2\/media?parent=14692"}],"wp:term":[{"taxonomy":"product_brand","embeddable":true,"href":"https:\/\/www.xbrick.eu\/en\/wp-json\/wp\/v2\/product_brand?post=14692"},{"taxonomy":"product_cat","embeddable":true,"href":"https:\/\/www.xbrick.eu\/en\/wp-json\/wp\/v2\/product_cat?post=14692"},{"taxonomy":"product_tag","embeddable":true,"href":"https:\/\/www.xbrick.eu\/en\/wp-json\/wp\/v2\/product_tag?post=14692"}],"curies":[{"name":"wp","href":"https:\/\/api.w.org\/{rel}","templated":true}]}}